{"id":79,"date":"2023-08-25T09:15:59","date_gmt":"2023-08-25T09:15:59","guid":{"rendered":"https:\/\/baabor.com\/?page_id=79"},"modified":"2025-09-29T14:57:36","modified_gmt":"2025-09-29T14:57:36","slug":"modelos-de-criba","status":"publish","type":"page","link":"https:\/\/baabor.com\/?page_id=79","title":{"rendered":"Criba lobular"},"content":{"rendered":"\n<div class=\"wp-block-group is-layout-constrained wp-block-group-is-layout-constrained\">\n<div class=\"wp-block-columns is-layout-flex wp-container-core-columns-is-layout-28f84493 wp-block-columns-is-layout-flex\">\n<div class=\"wp-block-column is-layout-flow wp-block-column-is-layout-flow\" style=\"flex-basis:50%\">\n<details class=\"wp-block-details has-medium-font-size is-layout-flow wp-block-details-is-layout-flow\" style=\"font-style:normal;font-weight:500\" open><summary>\u00bfQu\u00e9 es y c\u00f3mo funciona el cazo criba de ejes lobulares?<\/summary>\n<p class=\"has-small-font-size\">La criba lobular &#8216;baabor&#8217; es un cazo de excavaci\u00f3n equipado para trabajos de cribado. Mediante accionamiento hidr\u00e1ulico el cazo permite cribar el material en su interior, desalojando los finos de tama\u00f1o inferior a la distancia entre ejes y manteniendo en su interior s\u00f3lidos m\u00e1s grandes.<\/p>\n\n\n\n<p class=\"has-small-font-size\">Nuestro innovador sistema de perfil lobular en los ejes de cribado va m\u00e1s all\u00e1 que cualquier otra criba de ejes del mercado. Con un movimiento silencioso, exento de vibraciones, agita el material en el interior del cazo suavemente. Lo que permite el cribado de materiales sensibles a la rotura como los residuos de demolici\u00f3n que contienen ladrillos, madera, piezas de hierro, etc. Adem\u00e1s de los finos propios de la construcci\u00f3n, sin triturar ninguno de estos.<\/p>\n\n\n\n<p class=\"has-small-font-size\">Esta caracter\u00edstica hace que el requerimiento mec\u00e1nico de nuestra criba sea muy bajo, lo que reduce considerablemente el peso del equipo, as\u00ed como sus partes m\u00f3viles libres totalmente de mantenimiento.<\/p>\n\n\n\n<p class=\"has-small-font-size\">Todo lo descrito anteriormente no elimina la posibilidad de hacer cribados agresivos como podr\u00eda ser roca en un frente de cantera.<\/p>\n\n\n\n<p class=\"has-small-font-size\">La podr\u00edamos denominar como \u00abplug and play\u00bb, pues no requiere de ajustes hidr\u00e1ulicos en las excavadoras, ni tampoco asistencia t\u00e9cnica para su instalaci\u00f3n y puesta en marcha.<\/p>\n<\/details>\n\n\n\n<hr class=\"wp-block-separator has-alpha-channel-opacity\"\/>\n<\/div>\n\n\n\n<div class=\"wp-block-column is-layout-flow wp-block-column-is-layout-flow\" style=\"flex-basis:33.33%\">\n<figure class=\"wp-block-image aligncenter size-full\"><img decoding=\"async\" width=\"800\" height=\"600\" data-src=\"https:\/\/baabor.com\/wp-content\/uploads\/2023\/10\/CRIBA-BAABOR-B8100-2.jpg\" alt=\"\" class=\"wp-image-146 lazyload\" data-srcset=\"https:\/\/baabor.com\/wp-content\/uploads\/2023\/10\/CRIBA-BAABOR-B8100-2.jpg 800w, https:\/\/baabor.com\/wp-content\/uploads\/2023\/10\/CRIBA-BAABOR-B8100-2-300x225.jpg 300w, https:\/\/baabor.com\/wp-content\/uploads\/2023\/10\/CRIBA-BAABOR-B8100-2-768x576.jpg 768w\" data-sizes=\"(max-width: 800px) 100vw, 800px\" src=\"data:image\/svg+xml;base64,PHN2ZyB3aWR0aD0iMSIgaGVpZ2h0PSIxIiB4bWxucz0iaHR0cDovL3d3dy53My5vcmcvMjAwMC9zdmciPjwvc3ZnPg==\" style=\"--smush-placeholder-width: 800px; --smush-placeholder-aspect-ratio: 800\/600;\" \/><\/figure>\n\n\n\n<div class=\"wp-block-group is-layout-constrained wp-block-group-is-layout-constrained\">\n<div class=\"wp-block-buttons is-content-justification-center is-layout-flex wp-container-core-buttons-is-layout-a89b3969 wp-block-buttons-is-layout-flex\">\n<div class=\"wp-block-button\"><a class=\"wp-block-button__link wp-element-button\" href=\"https:\/\/baabor.com\/wp-content\/uploads\/2024\/01\/catalogo_CRIBA-BAABOR_ESP.pdf\">Ver cat\u00e1logo de la criba lobular baabor<\/a><\/div>\n<\/div>\n<\/div>\n<\/div>\n<\/div>\n\n\n\n<div class=\"wp-block-group is-layout-constrained wp-block-group-is-layout-constrained\">\n<h3 class=\"wp-block-heading\">Modelos de criba lobular<\/h3>\n\n\n\n<p>Estos son los modelos de cazo criba lobular &#8216;baabor&#8217;. Pincha en el modelo elegido para conocer m\u00e1s datos.<\/p>\n\n\n\n<div class=\"wp-block-columns is-layout-flex wp-container-core-columns-is-layout-28f84493 wp-block-columns-is-layout-flex\">\n<div class=\"wp-block-column is-layout-flow wp-block-column-is-layout-flow\">\n<figure class=\"wp-block-image aligncenter size-large is-resized\"><a href=\"https:\/\/baabor.com\/?page_id=89\"><img decoding=\"async\" width=\"1024\" height=\"705\" data-src=\"https:\/\/baabor.com\/wp-content\/uploads\/2023\/08\/criba_baabor_silueta-1024x705.jpg\" alt=\"\" class=\"wp-image-80 lazyload\" style=\"--smush-placeholder-width: 1024px; --smush-placeholder-aspect-ratio: 1024\/705;object-fit:contain;width:352px;height:242px\" data-srcset=\"https:\/\/baabor.com\/wp-content\/uploads\/2023\/08\/criba_baabor_silueta-1024x705.jpg 1024w, https:\/\/baabor.com\/wp-content\/uploads\/2023\/08\/criba_baabor_silueta-300x207.jpg 300w, https:\/\/baabor.com\/wp-content\/uploads\/2023\/08\/criba_baabor_silueta-768x529.jpg 768w, https:\/\/baabor.com\/wp-content\/uploads\/2023\/08\/criba_baabor_silueta-1536x1058.jpg 1536w, https:\/\/baabor.com\/wp-content\/uploads\/2023\/08\/criba_baabor_silueta-2048x1411.jpg 2048w\" data-sizes=\"(max-width: 1024px) 100vw, 1024px\" src=\"data:image\/svg+xml;base64,PHN2ZyB3aWR0aD0iMSIgaGVpZ2h0PSIxIiB4bWxucz0iaHR0cDovL3d3dy53My5vcmcvMjAwMC9zdmciPjwvc3ZnPg==\" \/><\/a><\/figure>\n\n\n\n<h2 class=\"wp-block-heading has-text-align-center\">B8.100<\/h2>\n<\/div>\n\n\n\n<div class=\"wp-block-column is-layout-flow wp-block-column-is-layout-flow\">\n<figure class=\"wp-block-image aligncenter size-large is-resized\"><a href=\"https:\/\/baabor.com\/?page_id=773\"><img decoding=\"async\" width=\"1024\" height=\"799\" data-src=\"https:\/\/baabor.com\/wp-content\/uploads\/2025\/09\/criba-B16-silueta-1024x799.jpg\" alt=\"\" class=\"wp-image-777 lazyload\" style=\"--smush-placeholder-width: 1024px; --smush-placeholder-aspect-ratio: 1024\/799;object-fit:contain;width:352px;height:242px\" data-srcset=\"https:\/\/baabor.com\/wp-content\/uploads\/2025\/09\/criba-B16-silueta-1024x799.jpg 1024w, https:\/\/baabor.com\/wp-content\/uploads\/2025\/09\/criba-B16-silueta-300x234.jpg 300w, https:\/\/baabor.com\/wp-content\/uploads\/2025\/09\/criba-B16-silueta-768x599.jpg 768w, https:\/\/baabor.com\/wp-content\/uploads\/2025\/09\/criba-B16-silueta-1536x1199.jpg 1536w, https:\/\/baabor.com\/wp-content\/uploads\/2025\/09\/criba-B16-silueta-2048x1598.jpg 2048w\" data-sizes=\"(max-width: 1024px) 100vw, 1024px\" src=\"data:image\/svg+xml;base64,PHN2ZyB3aWR0aD0iMSIgaGVpZ2h0PSIxIiB4bWxucz0iaHR0cDovL3d3dy53My5vcmcvMjAwMC9zdmciPjwvc3ZnPg==\" \/><\/a><\/figure>\n\n\n\n<h2 class=\"wp-block-heading has-text-align-center\">B16<\/h2>\n<\/div>\n<\/div>\n<\/div>\n<\/div>\n\n\n\n<hr class=\"wp-block-separator has-alpha-channel-opacity\"\/>\n\n\n\n<h2 class=\"wp-block-heading has-text-align-center\">Fotos de la criba baabor<\/h2>\n\n\n\n<figure class=\"wp-block-gallery has-nested-images columns-6 is-cropped wp-block-gallery-1 is-layout-flex wp-block-gallery-is-layout-flex\">\n<figure class=\"wp-block-image size-large\"><a href=\"https:\/\/baabor.com\/wp-content\/uploads\/2023\/10\/CRIBA-BAABOR-B8100-1.jpg\"><img decoding=\"async\" width=\"800\" height=\"600\" data-id=\"150\" data-src=\"https:\/\/baabor.com\/wp-content\/uploads\/2023\/10\/CRIBA-BAABOR-B8100-1.jpg\" alt=\"\" class=\"wp-image-150 lazyload\" data-srcset=\"https:\/\/baabor.com\/wp-content\/uploads\/2023\/10\/CRIBA-BAABOR-B8100-1.jpg 800w, https:\/\/baabor.com\/wp-content\/uploads\/2023\/10\/CRIBA-BAABOR-B8100-1-300x225.jpg 300w, https:\/\/baabor.com\/wp-content\/uploads\/2023\/10\/CRIBA-BAABOR-B8100-1-768x576.jpg 768w\" data-sizes=\"(max-width: 800px) 100vw, 800px\" src=\"data:image\/svg+xml;base64,PHN2ZyB3aWR0aD0iMSIgaGVpZ2h0PSIxIiB4bWxucz0iaHR0cDovL3d3dy53My5vcmcvMjAwMC9zdmciPjwvc3ZnPg==\" style=\"--smush-placeholder-width: 800px; --smush-placeholder-aspect-ratio: 800\/600;\" \/><\/a><\/figure>\n\n\n\n<figure class=\"wp-block-image size-large\"><a href=\"https:\/\/baabor.com\/wp-content\/uploads\/2023\/10\/CRIBA-BAABOR-B8100-2.jpg\"><img decoding=\"async\" width=\"800\" height=\"600\" data-id=\"146\" data-src=\"https:\/\/baabor.com\/wp-content\/uploads\/2023\/10\/CRIBA-BAABOR-B8100-2.jpg\" alt=\"\" class=\"wp-image-146 lazyload\" data-srcset=\"https:\/\/baabor.com\/wp-content\/uploads\/2023\/10\/CRIBA-BAABOR-B8100-2.jpg 800w, https:\/\/baabor.com\/wp-content\/uploads\/2023\/10\/CRIBA-BAABOR-B8100-2-300x225.jpg 300w, https:\/\/baabor.com\/wp-content\/uploads\/2023\/10\/CRIBA-BAABOR-B8100-2-768x576.jpg 768w\" data-sizes=\"(max-width: 800px) 100vw, 800px\" src=\"data:image\/svg+xml;base64,PHN2ZyB3aWR0aD0iMSIgaGVpZ2h0PSIxIiB4bWxucz0iaHR0cDovL3d3dy53My5vcmcvMjAwMC9zdmciPjwvc3ZnPg==\" style=\"--smush-placeholder-width: 800px; --smush-placeholder-aspect-ratio: 800\/600;\" \/><\/a><\/figure>\n\n\n\n<figure class=\"wp-block-image size-large\"><a href=\"https:\/\/baabor.com\/wp-content\/uploads\/2023\/10\/CRIBA-BAABOR-B8100-3.jpg\"><img decoding=\"async\" width=\"800\" height=\"600\" data-id=\"143\" data-src=\"https:\/\/baabor.com\/wp-content\/uploads\/2023\/10\/CRIBA-BAABOR-B8100-3.jpg\" alt=\"\" class=\"wp-image-143 lazyload\" data-srcset=\"https:\/\/baabor.com\/wp-content\/uploads\/2023\/10\/CRIBA-BAABOR-B8100-3.jpg 800w, https:\/\/baabor.com\/wp-content\/uploads\/2023\/10\/CRIBA-BAABOR-B8100-3-300x225.jpg 300w, https:\/\/baabor.com\/wp-content\/uploads\/2023\/10\/CRIBA-BAABOR-B8100-3-768x576.jpg 768w\" data-sizes=\"(max-width: 800px) 100vw, 800px\" src=\"data:image\/svg+xml;base64,PHN2ZyB3aWR0aD0iMSIgaGVpZ2h0PSIxIiB4bWxucz0iaHR0cDovL3d3dy53My5vcmcvMjAwMC9zdmciPjwvc3ZnPg==\" style=\"--smush-placeholder-width: 800px; --smush-placeholder-aspect-ratio: 800\/600;\" \/><\/a><\/figure>\n\n\n\n<figure class=\"wp-block-image size-large\"><a href=\"https:\/\/baabor.com\/wp-content\/uploads\/2023\/10\/CRIBA-BAABOR-B8100-4.jpg\"><img decoding=\"async\" width=\"800\" height=\"600\" data-id=\"151\" data-src=\"https:\/\/baabor.com\/wp-content\/uploads\/2023\/10\/CRIBA-BAABOR-B8100-4.jpg\" alt=\"\" class=\"wp-image-151 lazyload\" data-srcset=\"https:\/\/baabor.com\/wp-content\/uploads\/2023\/10\/CRIBA-BAABOR-B8100-4.jpg 800w, https:\/\/baabor.com\/wp-content\/uploads\/2023\/10\/CRIBA-BAABOR-B8100-4-300x225.jpg 300w, https:\/\/baabor.com\/wp-content\/uploads\/2023\/10\/CRIBA-BAABOR-B8100-4-768x576.jpg 768w\" data-sizes=\"(max-width: 800px) 100vw, 800px\" src=\"data:image\/svg+xml;base64,PHN2ZyB3aWR0aD0iMSIgaGVpZ2h0PSIxIiB4bWxucz0iaHR0cDovL3d3dy53My5vcmcvMjAwMC9zdmciPjwvc3ZnPg==\" style=\"--smush-placeholder-width: 800px; --smush-placeholder-aspect-ratio: 800\/600;\" \/><\/a><\/figure>\n\n\n\n<figure class=\"wp-block-image size-large\"><a href=\"https:\/\/baabor.com\/wp-content\/uploads\/2023\/10\/CRIBA-BAABOR-B8100-5.jpg\"><img decoding=\"async\" width=\"800\" height=\"600\" data-id=\"148\" data-src=\"https:\/\/baabor.com\/wp-content\/uploads\/2023\/10\/CRIBA-BAABOR-B8100-5.jpg\" alt=\"\" class=\"wp-image-148 lazyload\" data-srcset=\"https:\/\/baabor.com\/wp-content\/uploads\/2023\/10\/CRIBA-BAABOR-B8100-5.jpg 800w, https:\/\/baabor.com\/wp-content\/uploads\/2023\/10\/CRIBA-BAABOR-B8100-5-300x225.jpg 300w, https:\/\/baabor.com\/wp-content\/uploads\/2023\/10\/CRIBA-BAABOR-B8100-5-768x576.jpg 768w\" data-sizes=\"(max-width: 800px) 100vw, 800px\" src=\"data:image\/svg+xml;base64,PHN2ZyB3aWR0aD0iMSIgaGVpZ2h0PSIxIiB4bWxucz0iaHR0cDovL3d3dy53My5vcmcvMjAwMC9zdmciPjwvc3ZnPg==\" style=\"--smush-placeholder-width: 800px; --smush-placeholder-aspect-ratio: 800\/600;\" \/><\/a><\/figure>\n\n\n\n<figure class=\"wp-block-image size-large\"><a href=\"https:\/\/baabor.com\/wp-content\/uploads\/2023\/10\/CRIBA-BAABOR-B8100-6.jpg\"><img decoding=\"async\" width=\"800\" height=\"600\" data-id=\"145\" data-src=\"https:\/\/baabor.com\/wp-content\/uploads\/2023\/10\/CRIBA-BAABOR-B8100-6.jpg\" alt=\"\" class=\"wp-image-145 lazyload\" data-srcset=\"https:\/\/baabor.com\/wp-content\/uploads\/2023\/10\/CRIBA-BAABOR-B8100-6.jpg 800w, https:\/\/baabor.com\/wp-content\/uploads\/2023\/10\/CRIBA-BAABOR-B8100-6-300x225.jpg 300w, https:\/\/baabor.com\/wp-content\/uploads\/2023\/10\/CRIBA-BAABOR-B8100-6-768x576.jpg 768w\" data-sizes=\"(max-width: 800px) 100vw, 800px\" src=\"data:image\/svg+xml;base64,PHN2ZyB3aWR0aD0iMSIgaGVpZ2h0PSIxIiB4bWxucz0iaHR0cDovL3d3dy53My5vcmcvMjAwMC9zdmciPjwvc3ZnPg==\" style=\"--smush-placeholder-width: 800px; --smush-placeholder-aspect-ratio: 800\/600;\" \/><\/a><\/figure>\n\n\n\n<figure class=\"wp-block-image size-large\"><a href=\"https:\/\/baabor.com\/wp-content\/uploads\/2023\/10\/CRIBA-BAABOR-B8100-7.jpg\"><img decoding=\"async\" width=\"800\" height=\"600\" data-id=\"149\" data-src=\"https:\/\/baabor.com\/wp-content\/uploads\/2023\/10\/CRIBA-BAABOR-B8100-7.jpg\" alt=\"\" class=\"wp-image-149 lazyload\" data-srcset=\"https:\/\/baabor.com\/wp-content\/uploads\/2023\/10\/CRIBA-BAABOR-B8100-7.jpg 800w, https:\/\/baabor.com\/wp-content\/uploads\/2023\/10\/CRIBA-BAABOR-B8100-7-300x225.jpg 300w, https:\/\/baabor.com\/wp-content\/uploads\/2023\/10\/CRIBA-BAABOR-B8100-7-768x576.jpg 768w\" data-sizes=\"(max-width: 800px) 100vw, 800px\" src=\"data:image\/svg+xml;base64,PHN2ZyB3aWR0aD0iMSIgaGVpZ2h0PSIxIiB4bWxucz0iaHR0cDovL3d3dy53My5vcmcvMjAwMC9zdmciPjwvc3ZnPg==\" style=\"--smush-placeholder-width: 800px; --smush-placeholder-aspect-ratio: 800\/600;\" \/><\/a><\/figure>\n\n\n\n<figure class=\"wp-block-image size-large\"><a href=\"https:\/\/baabor.com\/wp-content\/uploads\/2023\/10\/CRIBA-BAABOR-B8100-PROTOTIPO.jpg\"><img decoding=\"async\" width=\"800\" height=\"600\" data-id=\"147\" data-src=\"https:\/\/baabor.com\/wp-content\/uploads\/2023\/10\/CRIBA-BAABOR-B8100-PROTOTIPO.jpg\" alt=\"\" class=\"wp-image-147 lazyload\" data-srcset=\"https:\/\/baabor.com\/wp-content\/uploads\/2023\/10\/CRIBA-BAABOR-B8100-PROTOTIPO.jpg 800w, https:\/\/baabor.com\/wp-content\/uploads\/2023\/10\/CRIBA-BAABOR-B8100-PROTOTIPO-300x225.jpg 300w, https:\/\/baabor.com\/wp-content\/uploads\/2023\/10\/CRIBA-BAABOR-B8100-PROTOTIPO-768x576.jpg 768w\" data-sizes=\"(max-width: 800px) 100vw, 800px\" src=\"data:image\/svg+xml;base64,PHN2ZyB3aWR0aD0iMSIgaGVpZ2h0PSIxIiB4bWxucz0iaHR0cDovL3d3dy53My5vcmcvMjAwMC9zdmciPjwvc3ZnPg==\" style=\"--smush-placeholder-width: 800px; --smush-placeholder-aspect-ratio: 800\/600;\" \/><\/a><\/figure>\n\n\n\n<figure class=\"wp-block-image size-large\"><a href=\"https:\/\/baabor.com\/wp-content\/uploads\/2023\/10\/CRIBA-BAABOR-B8100-PROTOTIPO-2.jpg\"><img decoding=\"async\" width=\"800\" height=\"600\" data-id=\"144\" data-src=\"https:\/\/baabor.com\/wp-content\/uploads\/2023\/10\/CRIBA-BAABOR-B8100-PROTOTIPO-2.jpg\" alt=\"\" class=\"wp-image-144 lazyload\" data-srcset=\"https:\/\/baabor.com\/wp-content\/uploads\/2023\/10\/CRIBA-BAABOR-B8100-PROTOTIPO-2.jpg 800w, https:\/\/baabor.com\/wp-content\/uploads\/2023\/10\/CRIBA-BAABOR-B8100-PROTOTIPO-2-300x225.jpg 300w, https:\/\/baabor.com\/wp-content\/uploads\/2023\/10\/CRIBA-BAABOR-B8100-PROTOTIPO-2-768x576.jpg 768w\" data-sizes=\"(max-width: 800px) 100vw, 800px\" src=\"data:image\/svg+xml;base64,PHN2ZyB3aWR0aD0iMSIgaGVpZ2h0PSIxIiB4bWxucz0iaHR0cDovL3d3dy53My5vcmcvMjAwMC9zdmciPjwvc3ZnPg==\" style=\"--smush-placeholder-width: 800px; --smush-placeholder-aspect-ratio: 800\/600;\" \/><\/a><\/figure>\n\n\n\n<figure class=\"wp-block-image size-large\"><a href=\"https:\/\/baabor.com\/wp-content\/uploads\/2023\/10\/CRIBA-BAABOR-B8100-PROTOTIPO-3.jpg\"><img decoding=\"async\" width=\"800\" height=\"600\" data-id=\"142\" data-src=\"https:\/\/baabor.com\/wp-content\/uploads\/2023\/10\/CRIBA-BAABOR-B8100-PROTOTIPO-3.jpg\" alt=\"\" class=\"wp-image-142 lazyload\" data-srcset=\"https:\/\/baabor.com\/wp-content\/uploads\/2023\/10\/CRIBA-BAABOR-B8100-PROTOTIPO-3.jpg 800w, https:\/\/baabor.com\/wp-content\/uploads\/2023\/10\/CRIBA-BAABOR-B8100-PROTOTIPO-3-300x225.jpg 300w, https:\/\/baabor.com\/wp-content\/uploads\/2023\/10\/CRIBA-BAABOR-B8100-PROTOTIPO-3-768x576.jpg 768w\" data-sizes=\"(max-width: 800px) 100vw, 800px\" src=\"data:image\/svg+xml;base64,PHN2ZyB3aWR0aD0iMSIgaGVpZ2h0PSIxIiB4bWxucz0iaHR0cDovL3d3dy53My5vcmcvMjAwMC9zdmciPjwvc3ZnPg==\" style=\"--smush-placeholder-width: 800px; --smush-placeholder-aspect-ratio: 800\/600;\" \/><\/a><\/figure>\n<\/figure>\n","protected":false},"excerpt":{"rendered":"<p>Modelos de criba lobular Estos son los modelos de cazo criba lobular &#8216;baabor&#8217;. Pincha en el modelo elegido para conocer m\u00e1s datos. B8.100 B16 Fotos de la criba baabor<\/p>\n","protected":false},"author":1,"featured_media":0,"parent":0,"menu_order":0,"comment_status":"closed","ping_status":"closed","template":"","meta":{"site-sidebar-layout":"default","site-content-layout":"","ast-site-content-layout":"default","site-content-style":"default","site-sidebar-style":"default","ast-global-header-display":"","ast-banner-title-visibility":"","ast-main-header-display":"","ast-hfb-above-header-display":"","ast-hfb-below-header-display":"","ast-hfb-mobile-header-display":"","site-post-title":"","ast-breadcrumbs-content":"","ast-featured-img":"","footer-sml-layout":"","theme-transparent-header-meta":"","adv-header-id-meta":"","stick-header-meta":"","header-above-stick-meta":"","header-main-stick-meta":"","header-below-stick-meta":"","astra-migrate-meta-layouts":"default","ast-page-background-enabled":"default","ast-page-background-meta":{"desktop":{"background-color":"var(--ast-global-color-4)","background-image":"","background-repeat":"repeat","background-position":"center center","background-size":"auto","background-attachment":"scroll","background-type":"","background-media":"","overlay-type":"","overlay-color":"","overlay-opacity":"","overlay-gradient":""},"tablet":{"background-color":"","background-image":"","background-repeat":"repeat","background-position":"center center","background-size":"auto","background-attachment":"scroll","background-type":"","background-media":"","overlay-type":"","overlay-color":"","overlay-opacity":"","overlay-gradient":""},"mobile":{"background-color":"","background-image":"","background-repeat":"repeat","background-position":"center center","background-size":"auto","background-attachment":"scroll","background-type":"","background-media":"","overlay-type":"","overlay-color":"","overlay-opacity":"","overlay-gradient":""}},"ast-content-background-meta":{"desktop":{"background-color":"var(--ast-global-color-5)","background-image":"","background-repeat":"repeat","background-position":"center center","background-size":"auto","background-attachment":"scroll","background-type":"","background-media":"","overlay-type":"","overlay-color":"","overlay-opacity":"","overlay-gradient":""},"tablet":{"background-color":"var(--ast-global-color-5)","background-image":"","background-repeat":"repeat","background-position":"center center","background-size":"auto","background-attachment":"scroll","background-type":"","background-media":"","overlay-type":"","overlay-color":"","overlay-opacity":"","overlay-gradient":""},"mobile":{"background-color":"var(--ast-global-color-5)","background-image":"","background-repeat":"repeat","background-position":"center center","background-size":"auto","background-attachment":"scroll","background-type":"","background-media":"","overlay-type":"","overlay-color":"","overlay-opacity":"","overlay-gradient":""}},"footnotes":""},"class_list":["post-79","page","type-page","status-publish","hentry"],"aioseo_notices":[],"_links":{"self":[{"href":"https:\/\/baabor.com\/index.php?rest_route=\/wp\/v2\/pages\/79","targetHints":{"allow":["GET"]}}],"collection":[{"href":"https:\/\/baabor.com\/index.php?rest_route=\/wp\/v2\/pages"}],"about":[{"href":"https:\/\/baabor.com\/index.php?rest_route=\/wp\/v2\/types\/page"}],"author":[{"embeddable":true,"href":"https:\/\/baabor.com\/index.php?rest_route=\/wp\/v2\/users\/1"}],"replies":[{"embeddable":true,"href":"https:\/\/baabor.com\/index.php?rest_route=%2Fwp%2Fv2%2Fcomments&post=79"}],"version-history":[{"count":2,"href":"https:\/\/baabor.com\/index.php?rest_route=\/wp\/v2\/pages\/79\/revisions"}],"predecessor-version":[{"id":778,"href":"https:\/\/baabor.com\/index.php?rest_route=\/wp\/v2\/pages\/79\/revisions\/778"}],"wp:attachment":[{"href":"https:\/\/baabor.com\/index.php?rest_route=%2Fwp%2Fv2%2Fmedia&parent=79"}],"curies":[{"name":"wp","href":"https:\/\/api.w.org\/{rel}","templated":true}]}}