{"id":773,"date":"2025-09-29T14:55:03","date_gmt":"2025-09-29T14:55:03","guid":{"rendered":"https:\/\/baabor.com\/?page_id=773"},"modified":"2025-10-13T14:47:59","modified_gmt":"2025-10-13T14:47:59","slug":"modelo-b16","status":"publish","type":"page","link":"https:\/\/baabor.com\/?page_id=773","title":{"rendered":"Modelo B16"},"content":{"rendered":"\n<div class=\"wp-block-group is-layout-constrained wp-block-group-is-layout-constrained\">\n<p>Este es el modelo B16 de cazo criba lobular baabor. Este sencillo cazo para cribar (separar materiales) es adecuado para excavadoras de entre 14 y 23 toneladas.<\/p>\n\n\n\n<p>Aqu\u00ed debajo puedes ver la tabla en la que aparecen todas las especificaciones t\u00e9cnicas de este modelo. Y en este enlace puedes ver un v\u00eddeo de este modelo trabajando.<\/p>\n<\/div>\n\n\n\n<div class=\"wp-block-buttons is-content-justification-center is-layout-flex wp-container-core-buttons-is-layout-a89b3969 wp-block-buttons-is-layout-flex\">\n<div class=\"wp-block-button\"><a class=\"wp-block-button__link wp-element-button\" href=\"https:\/\/youtube.com\/shorts\/I-_-PFlSGFo?si=GgTh_rWZ4dGIfHO3\" target=\"_blank\" rel=\"noreferrer noopener\">Ver v\u00eddeo de cazo criba lobular<\/a><\/div>\n<\/div>\n\n\n\n<hr class=\"wp-block-separator has-alpha-channel-opacity\"\/>\n\n\n\n<div class=\"wp-block-group is-layout-constrained wp-block-group-is-layout-constrained\">\n<div class=\"wp-block-columns is-layout-flex wp-container-core-columns-is-layout-28f84493 wp-block-columns-is-layout-flex\">\n<div class=\"wp-block-column is-layout-flow wp-block-column-is-layout-flow\" style=\"flex-basis:33.33%\">\n<figure data-wp-context=\"{&quot;imageId&quot;:&quot;69e5a24817091&quot;}\" data-wp-interactive=\"core\/image\" data-wp-key=\"69e5a24817091\" class=\"wp-block-image size-large wp-lightbox-container\"><img decoding=\"async\" width=\"1024\" height=\"799\" data-wp-class--hide=\"state.isContentHidden\" data-wp-class--show=\"state.isContentVisible\" data-wp-init=\"callbacks.setButtonStyles\" data-wp-on--click=\"actions.showLightbox\" data-wp-on--load=\"callbacks.setButtonStyles\" data-wp-on-window--resize=\"callbacks.setButtonStyles\" data-src=\"https:\/\/baabor.com\/wp-content\/uploads\/2025\/09\/criba-B16-silueta-1024x799.jpg\" alt=\"\" class=\"wp-image-777 lazyload\" data-srcset=\"https:\/\/baabor.com\/wp-content\/uploads\/2025\/09\/criba-B16-silueta-1024x799.jpg 1024w, https:\/\/baabor.com\/wp-content\/uploads\/2025\/09\/criba-B16-silueta-300x234.jpg 300w, https:\/\/baabor.com\/wp-content\/uploads\/2025\/09\/criba-B16-silueta-768x599.jpg 768w, https:\/\/baabor.com\/wp-content\/uploads\/2025\/09\/criba-B16-silueta-1536x1199.jpg 1536w, https:\/\/baabor.com\/wp-content\/uploads\/2025\/09\/criba-B16-silueta-2048x1598.jpg 2048w\" data-sizes=\"(max-width: 1024px) 100vw, 1024px\" src=\"data:image\/svg+xml;base64,PHN2ZyB3aWR0aD0iMSIgaGVpZ2h0PSIxIiB4bWxucz0iaHR0cDovL3d3dy53My5vcmcvMjAwMC9zdmciPjwvc3ZnPg==\" style=\"--smush-placeholder-width: 1024px; --smush-placeholder-aspect-ratio: 1024\/799;\" \/><button\n\t\t\tclass=\"lightbox-trigger\"\n\t\t\ttype=\"button\"\n\t\t\taria-haspopup=\"dialog\"\n\t\t\taria-label=\"Agrandar\"\n\t\t\tdata-wp-init=\"callbacks.initTriggerButton\"\n\t\t\tdata-wp-on--click=\"actions.showLightbox\"\n\t\t\tdata-wp-style--right=\"state.imageButtonRight\"\n\t\t\tdata-wp-style--top=\"state.imageButtonTop\"\n\t\t>\n\t\t\t<svg xmlns=\"http:\/\/www.w3.org\/2000\/svg\" width=\"12\" height=\"12\" fill=\"none\" viewBox=\"0 0 12 12\">\n\t\t\t\t<path fill=\"#fff\" d=\"M2 0a2 2 0 0 0-2 2v2h1.5V2a.5.5 0 0 1 .5-.5h2V0H2Zm2 10.5H2a.5.5 0 0 1-.5-.5V8H0v2a2 2 0 0 0 2 2h2v-1.5ZM8 12v-1.5h2a.5.5 0 0 0 .5-.5V8H12v2a2 2 0 0 1-2 2H8Zm2-12a2 2 0 0 1 2 2v2h-1.5V2a.5.5 0 0 0-.5-.5H8V0h2Z\" \/>\n\t\t\t<\/svg>\n\t\t<\/button><\/figure>\n<\/div>\n\n\n\n<div class=\"wp-block-column is-layout-flow wp-block-column-is-layout-flow\" style=\"flex-basis:66.66%\">\n<figure class=\"wp-block-image size-large\"><img decoding=\"async\" width=\"1024\" height=\"471\" data-src=\"https:\/\/baabor.com\/wp-content\/uploads\/2025\/10\/especificaciones-tecnicas-B16-baabor-1-1024x471.png\" alt=\"\" class=\"wp-image-795 lazyload\" data-srcset=\"https:\/\/baabor.com\/wp-content\/uploads\/2025\/10\/especificaciones-tecnicas-B16-baabor-1-1024x471.png 1024w, https:\/\/baabor.com\/wp-content\/uploads\/2025\/10\/especificaciones-tecnicas-B16-baabor-1-300x138.png 300w, https:\/\/baabor.com\/wp-content\/uploads\/2025\/10\/especificaciones-tecnicas-B16-baabor-1-768x354.png 768w, https:\/\/baabor.com\/wp-content\/uploads\/2025\/10\/especificaciones-tecnicas-B16-baabor-1-1536x707.png 1536w, https:\/\/baabor.com\/wp-content\/uploads\/2025\/10\/especificaciones-tecnicas-B16-baabor-1-2048x943.png 2048w\" data-sizes=\"(max-width: 1024px) 100vw, 1024px\" src=\"data:image\/svg+xml;base64,PHN2ZyB3aWR0aD0iMSIgaGVpZ2h0PSIxIiB4bWxucz0iaHR0cDovL3d3dy53My5vcmcvMjAwMC9zdmciPjwvc3ZnPg==\" style=\"--smush-placeholder-width: 1024px; --smush-placeholder-aspect-ratio: 1024\/471;\" \/><\/figure>\n<\/div>\n<\/div>\n<\/div>\n\n\n\n<div class=\"wp-block-group is-layout-constrained wp-block-group-is-layout-constrained\">\n<div class=\"wp-block-columns is-layout-flex wp-container-core-columns-is-layout-c6a03c77 wp-block-columns-is-layout-flex\" style=\"padding-right:var(--wp--preset--spacing--80);padding-left:var(--wp--preset--spacing--80)\">\n<div class=\"wp-block-column is-layout-flow wp-block-column-is-layout-flow\" style=\"flex-basis:80%\">\n<figure class=\"wp-block-image size-large\"><img decoding=\"async\" width=\"1024\" height=\"421\" data-src=\"https:\/\/baabor.com\/wp-content\/uploads\/2025\/10\/dibujo-medidas-criba-B16-1024x421.jpg\" alt=\"\" class=\"wp-image-792 lazyload\" data-srcset=\"https:\/\/baabor.com\/wp-content\/uploads\/2025\/10\/dibujo-medidas-criba-B16-1024x421.jpg 1024w, https:\/\/baabor.com\/wp-content\/uploads\/2025\/10\/dibujo-medidas-criba-B16-300x123.jpg 300w, https:\/\/baabor.com\/wp-content\/uploads\/2025\/10\/dibujo-medidas-criba-B16-768x316.jpg 768w, https:\/\/baabor.com\/wp-content\/uploads\/2025\/10\/dibujo-medidas-criba-B16-1536x632.jpg 1536w, https:\/\/baabor.com\/wp-content\/uploads\/2025\/10\/dibujo-medidas-criba-B16.jpg 1989w\" data-sizes=\"(max-width: 1024px) 100vw, 1024px\" src=\"data:image\/svg+xml;base64,PHN2ZyB3aWR0aD0iMSIgaGVpZ2h0PSIxIiB4bWxucz0iaHR0cDovL3d3dy53My5vcmcvMjAwMC9zdmciPjwvc3ZnPg==\" style=\"--smush-placeholder-width: 1024px; --smush-placeholder-aspect-ratio: 1024\/421;\" \/><\/figure>\n<\/div>\n\n\n\n<div class=\"wp-block-column is-layout-flow wp-block-column-is-layout-flow\" style=\"flex-basis:33.33%\">\n<p><\/p>\n\n\n\n<hr class=\"wp-block-separator has-alpha-channel-opacity\"\/>\n\n\n\n<p class=\"has-text-align-center\">Si est\u00e1s interesado en alg\u00fan otro tama\u00f1o, no dudes en consultarnos directamente.<\/p>\n\n\n\n<div class=\"wp-block-group is-vertical is-content-justification-center is-layout-flex wp-container-core-group-is-layout-ce155fab wp-block-group-is-layout-flex\">\n<div class=\"wp-block-buttons is-content-justification-center is-layout-flex wp-container-core-buttons-is-layout-a89b3969 wp-block-buttons-is-layout-flex\">\n<div class=\"wp-block-button\"><a class=\"wp-block-button__link has-text-align-center wp-element-button\" href=\"https:\/\/baabor.com\/?page_id=62\">Contacta con nosotros<\/a><\/div>\n<\/div>\n<\/div>\n\n\n\n<hr class=\"wp-block-separator has-alpha-channel-opacity\"\/>\n<\/div>\n<\/div>\n<\/div>\n","protected":false},"excerpt":{"rendered":"<p>Este es el modelo B16 de cazo criba lobular baabor. Este sencillo cazo para cribar (separar materiales) es adecuado para excavadoras de entre 14 y 23 toneladas. Aqu\u00ed debajo puedes ver la tabla en la que aparecen todas las especificaciones t\u00e9cnicas de este modelo. Y en este enlace puedes ver un v\u00eddeo de este modelo [&hellip;]<\/p>\n","protected":false},"author":1,"featured_media":0,"parent":0,"menu_order":0,"comment_status":"closed","ping_status":"closed","template":"","meta":{"site-sidebar-layout":"default","site-content-layout":"","ast-site-content-layout":"default","site-content-style":"default","site-sidebar-style":"default","ast-global-header-display":"","ast-banner-title-visibility":"","ast-main-header-display":"","ast-hfb-above-header-display":"","ast-hfb-below-header-display":"","ast-hfb-mobile-header-display":"","site-post-title":"","ast-breadcrumbs-content":"","ast-featured-img":"","footer-sml-layout":"","theme-transparent-header-meta":"","adv-header-id-meta":"","stick-header-meta":"","header-above-stick-meta":"","header-main-stick-meta":"","header-below-stick-meta":"","astra-migrate-meta-layouts":"default","ast-page-background-enabled":"default","ast-page-background-meta":{"desktop":{"background-color":"var(--ast-global-color-4)","background-image":"","background-repeat":"repeat","background-position":"center center","background-size":"auto","background-attachment":"scroll","background-type":"","background-media":"","overlay-type":"","overlay-color":"","overlay-opacity":"","overlay-gradient":""},"tablet":{"background-color":"","background-image":"","background-repeat":"repeat","background-position":"center center","background-size":"auto","background-attachment":"scroll","background-type":"","background-media":"","overlay-type":"","overlay-color":"","overlay-opacity":"","overlay-gradient":""},"mobile":{"background-color":"","background-image":"","background-repeat":"repeat","background-position":"center center","background-size":"auto","background-attachment":"scroll","background-type":"","background-media":"","overlay-type":"","overlay-color":"","overlay-opacity":"","overlay-gradient":""}},"ast-content-background-meta":{"desktop":{"background-color":"var(--ast-global-color-5)","background-image":"","background-repeat":"repeat","background-position":"center center","background-size":"auto","background-attachment":"scroll","background-type":"","background-media":"","overlay-type":"","overlay-color":"","overlay-opacity":"","overlay-gradient":""},"tablet":{"background-color":"var(--ast-global-color-5)","background-image":"","background-repeat":"repeat","background-position":"center center","background-size":"auto","background-attachment":"scroll","background-type":"","background-media":"","overlay-type":"","overlay-color":"","overlay-opacity":"","overlay-gradient":""},"mobile":{"background-color":"var(--ast-global-color-5)","background-image":"","background-repeat":"repeat","background-position":"center center","background-size":"auto","background-attachment":"scroll","background-type":"","background-media":"","overlay-type":"","overlay-color":"","overlay-opacity":"","overlay-gradient":""}},"footnotes":""},"class_list":["post-773","page","type-page","status-publish","hentry"],"aioseo_notices":[],"_links":{"self":[{"href":"https:\/\/baabor.com\/index.php?rest_route=\/wp\/v2\/pages\/773","targetHints":{"allow":["GET"]}}],"collection":[{"href":"https:\/\/baabor.com\/index.php?rest_route=\/wp\/v2\/pages"}],"about":[{"href":"https:\/\/baabor.com\/index.php?rest_route=\/wp\/v2\/types\/page"}],"author":[{"embeddable":true,"href":"https:\/\/baabor.com\/index.php?rest_route=\/wp\/v2\/users\/1"}],"replies":[{"embeddable":true,"href":"https:\/\/baabor.com\/index.php?rest_route=%2Fwp%2Fv2%2Fcomments&post=773"}],"version-history":[{"count":2,"href":"https:\/\/baabor.com\/index.php?rest_route=\/wp\/v2\/pages\/773\/revisions"}],"predecessor-version":[{"id":797,"href":"https:\/\/baabor.com\/index.php?rest_route=\/wp\/v2\/pages\/773\/revisions\/797"}],"wp:attachment":[{"href":"https:\/\/baabor.com\/index.php?rest_route=%2Fwp%2Fv2%2Fmedia&parent=773"}],"curies":[{"name":"wp","href":"https:\/\/api.w.org\/{rel}","templated":true}]}}