{"id":279,"date":"2024-02-23T08:40:45","date_gmt":"2024-02-23T08:40:45","guid":{"rendered":"https:\/\/baabor.com\/?page_id=279"},"modified":"2025-04-01T07:09:03","modified_gmt":"2025-04-01T07:09:03","slug":"serie-sf","status":"publish","type":"page","link":"https:\/\/baabor.com\/?page_id=279","title":{"rendered":"Serie SF"},"content":{"rendered":"\n<h3 class=\"wp-block-heading\">Subsolador plegable (Foldable) con cilindros<\/h3>\n\n\n\n<div class=\"wp-block-group is-layout-constrained wp-block-group-is-layout-constrained\">\n<div class=\"wp-block-columns is-layout-flex wp-container-core-columns-is-layout-28f84493 wp-block-columns-is-layout-flex\">\n<div class=\"wp-block-column is-layout-constrained wp-container-core-column-is-layout-4383d167 wp-block-column-is-layout-constrained\" style=\"flex-basis:50%\">\n<p>La serie SF se refiere a los modelos de subsolador plegables. Funcionan igual que la serie S, con <strong>rejones retr\u00e1ctiles<\/strong> ante un sobreesfuerzo.<\/p>\n\n\n\n<p>El rej\u00f3n se precarga con una fuerza m\u00e1xima de penetraci\u00f3n mediante un cilindro hidr\u00e1ulico de disparo conectado a un acumulador hidr\u00e1ulico.<\/p>\n\n\n\n<p>Ante un sobreesfuerzo, el cilindro se comprime enviando el aceite de su interior al acumulador, permitiendo que el rej\u00f3n bascule y se eleve salvando as\u00ed el obst\u00e1culo. Una vez superado este, el acumulador que mantiene la presi\u00f3n en el cilindro, hace que \u00e9ste empuje al rej\u00f3n a su posici\u00f3n de trabajo nuevamente.<\/p>\n\n\n\n<p>Esta fuerza de disparo se regula aumentando o disminuyendo la presi\u00f3n interna del acumulador hidr\u00e1ulico. Este proceso se realiza desde la cabina del tractor.<\/p>\n\n\n\n<p>En el caso de estos subsoladores, dado su tama\u00f1o, cuentan con 2 rulos delanteros de control, independientes entre s\u00ed.<\/p>\n\n\n\n<p>En el siguiente v\u00eddeo se puede ver la forma de plegado del subsolador para su transporte, as\u00ed como el movimiento independiente de sus dos rulos delanteros.<\/p>\n\n\n\n<p>M\u00e1s abajo puedes encontrar las caracter\u00edsticas t\u00e9cnicas de cada modelo de esta serie.<\/p>\n\n\n\n<div class=\"wp-block-buttons is-content-justification-center is-layout-flex wp-container-core-buttons-is-layout-a89b3969 wp-block-buttons-is-layout-flex\">\n<div class=\"wp-block-button\"><a class=\"wp-block-button__link wp-element-button\" href=\"https:\/\/youtu.be\/blHjM6_usrA?si=cQ4BTu-D0-ixNddy\" target=\"_blank\" rel=\"noreferrer noopener\">Ver v\u00eddeo subsolador plegable, modelo SF530<\/a><\/div>\n<\/div>\n<\/div>\n\n\n\n<div class=\"wp-block-column is-layout-flow wp-block-column-is-layout-flow\" style=\"flex-basis:33.33%\">\n<figure data-wp-context=\"{&quot;imageId&quot;:&quot;69e0786d8408c&quot;}\" data-wp-interactive=\"core\/image\" data-wp-key=\"69e0786d8408c\" class=\"wp-block-image size-full wp-lightbox-container\"><img decoding=\"async\" width=\"800\" height=\"600\" data-wp-class--hide=\"state.isContentHidden\" data-wp-class--show=\"state.isContentVisible\" data-wp-init=\"callbacks.setButtonStyles\" data-wp-on--click=\"actions.showLightbox\" data-wp-on--load=\"callbacks.setButtonStyles\" data-wp-on-window--resize=\"callbacks.setButtonStyles\" data-src=\"https:\/\/baabor.com\/wp-content\/uploads\/2024\/02\/SUBSOLADOR-BAABOR-S530-03.jpg\" alt=\"\" class=\"wp-image-282 lazyload\" data-srcset=\"https:\/\/baabor.com\/wp-content\/uploads\/2024\/02\/SUBSOLADOR-BAABOR-S530-03.jpg 800w, https:\/\/baabor.com\/wp-content\/uploads\/2024\/02\/SUBSOLADOR-BAABOR-S530-03-300x225.jpg 300w, https:\/\/baabor.com\/wp-content\/uploads\/2024\/02\/SUBSOLADOR-BAABOR-S530-03-768x576.jpg 768w\" data-sizes=\"(max-width: 800px) 100vw, 800px\" src=\"data:image\/svg+xml;base64,PHN2ZyB3aWR0aD0iMSIgaGVpZ2h0PSIxIiB4bWxucz0iaHR0cDovL3d3dy53My5vcmcvMjAwMC9zdmciPjwvc3ZnPg==\" style=\"--smush-placeholder-width: 800px; --smush-placeholder-aspect-ratio: 800\/600;\" \/><button\n\t\t\tclass=\"lightbox-trigger\"\n\t\t\ttype=\"button\"\n\t\t\taria-haspopup=\"dialog\"\n\t\t\taria-label=\"Agrandar\"\n\t\t\tdata-wp-init=\"callbacks.initTriggerButton\"\n\t\t\tdata-wp-on--click=\"actions.showLightbox\"\n\t\t\tdata-wp-style--right=\"state.imageButtonRight\"\n\t\t\tdata-wp-style--top=\"state.imageButtonTop\"\n\t\t>\n\t\t\t<svg xmlns=\"http:\/\/www.w3.org\/2000\/svg\" width=\"12\" height=\"12\" fill=\"none\" viewBox=\"0 0 12 12\">\n\t\t\t\t<path fill=\"#fff\" d=\"M2 0a2 2 0 0 0-2 2v2h1.5V2a.5.5 0 0 1 .5-.5h2V0H2Zm2 10.5H2a.5.5 0 0 1-.5-.5V8H0v2a2 2 0 0 0 2 2h2v-1.5ZM8 12v-1.5h2a.5.5 0 0 0 .5-.5V8H12v2a2 2 0 0 1-2 2H8Zm2-12a2 2 0 0 1 2 2v2h-1.5V2a.5.5 0 0 0-.5-.5H8V0h2Z\" \/>\n\t\t\t<\/svg>\n\t\t<\/button><\/figure>\n<\/div>\n<\/div>\n<\/div>\n\n\n\n<figure data-wp-context=\"{&quot;imageId&quot;:&quot;69e0786d847f3&quot;}\" data-wp-interactive=\"core\/image\" data-wp-key=\"69e0786d847f3\" class=\"wp-block-image aligncenter size-large is-resized wp-lightbox-container\"><img decoding=\"async\" width=\"1024\" height=\"493\" data-wp-class--hide=\"state.isContentHidden\" data-wp-class--show=\"state.isContentVisible\" data-wp-init=\"callbacks.setButtonStyles\" data-wp-on--click=\"actions.showLightbox\" data-wp-on--load=\"callbacks.setButtonStyles\" data-wp-on-window--resize=\"callbacks.setButtonStyles\" data-src=\"https:\/\/baabor.com\/wp-content\/uploads\/2024\/02\/ESPECIFICACIONES-SERIE-SF-1024x493.png\" alt=\"\" class=\"wp-image-280 lazyload\" style=\"--smush-placeholder-width: 1024px; --smush-placeholder-aspect-ratio: 1024\/493;width:700px\" data-srcset=\"https:\/\/baabor.com\/wp-content\/uploads\/2024\/02\/ESPECIFICACIONES-SERIE-SF-1024x493.png 1024w, https:\/\/baabor.com\/wp-content\/uploads\/2024\/02\/ESPECIFICACIONES-SERIE-SF-300x144.png 300w, https:\/\/baabor.com\/wp-content\/uploads\/2024\/02\/ESPECIFICACIONES-SERIE-SF-768x370.png 768w, https:\/\/baabor.com\/wp-content\/uploads\/2024\/02\/ESPECIFICACIONES-SERIE-SF-1536x739.png 1536w, https:\/\/baabor.com\/wp-content\/uploads\/2024\/02\/ESPECIFICACIONES-SERIE-SF.png 1976w\" data-sizes=\"(max-width: 1024px) 100vw, 1024px\" src=\"data:image\/svg+xml;base64,PHN2ZyB3aWR0aD0iMSIgaGVpZ2h0PSIxIiB4bWxucz0iaHR0cDovL3d3dy53My5vcmcvMjAwMC9zdmciPjwvc3ZnPg==\" \/><button\n\t\t\tclass=\"lightbox-trigger\"\n\t\t\ttype=\"button\"\n\t\t\taria-haspopup=\"dialog\"\n\t\t\taria-label=\"Agrandar\"\n\t\t\tdata-wp-init=\"callbacks.initTriggerButton\"\n\t\t\tdata-wp-on--click=\"actions.showLightbox\"\n\t\t\tdata-wp-style--right=\"state.imageButtonRight\"\n\t\t\tdata-wp-style--top=\"state.imageButtonTop\"\n\t\t>\n\t\t\t<svg xmlns=\"http:\/\/www.w3.org\/2000\/svg\" width=\"12\" height=\"12\" fill=\"none\" viewBox=\"0 0 12 12\">\n\t\t\t\t<path fill=\"#fff\" d=\"M2 0a2 2 0 0 0-2 2v2h1.5V2a.5.5 0 0 1 .5-.5h2V0H2Zm2 10.5H2a.5.5 0 0 1-.5-.5V8H0v2a2 2 0 0 0 2 2h2v-1.5ZM8 12v-1.5h2a.5.5 0 0 0 .5-.5V8H12v2a2 2 0 0 1-2 2H8Zm2-12a2 2 0 0 1 2 2v2h-1.5V2a.5.5 0 0 0-.5-.5H8V0h2Z\" \/>\n\t\t\t<\/svg>\n\t\t<\/button><\/figure>\n\n\n\n<div class=\"wp-block-group is-layout-constrained wp-block-group-is-layout-constrained\">\n<div class=\"wp-block-columns is-layout-flex wp-container-core-columns-is-layout-28f84493 wp-block-columns-is-layout-flex\">\n<div class=\"wp-block-column is-layout-flow wp-block-column-is-layout-flow\" style=\"flex-basis:33.33%\">\n<figure data-wp-context=\"{&quot;imageId&quot;:&quot;69e0786d850bc&quot;}\" data-wp-interactive=\"core\/image\" data-wp-key=\"69e0786d850bc\" class=\"wp-block-image size-large wp-lightbox-container\"><img decoding=\"async\" width=\"1024\" height=\"697\" data-wp-class--hide=\"state.isContentHidden\" data-wp-class--show=\"state.isContentVisible\" data-wp-init=\"callbacks.setButtonStyles\" data-wp-on--click=\"actions.showLightbox\" data-wp-on--load=\"callbacks.setButtonStyles\" data-wp-on-window--resize=\"callbacks.setButtonStyles\" data-src=\"https:\/\/baabor.com\/wp-content\/uploads\/2024\/02\/medidas-subsolador-serieSF-1-1024x697.png\" alt=\"\" class=\"wp-image-342 lazyload\" data-srcset=\"https:\/\/baabor.com\/wp-content\/uploads\/2024\/02\/medidas-subsolador-serieSF-1-1024x697.png 1024w, https:\/\/baabor.com\/wp-content\/uploads\/2024\/02\/medidas-subsolador-serieSF-1-300x204.png 300w, https:\/\/baabor.com\/wp-content\/uploads\/2024\/02\/medidas-subsolador-serieSF-1-768x523.png 768w, https:\/\/baabor.com\/wp-content\/uploads\/2024\/02\/medidas-subsolador-serieSF-1-1536x1046.png 1536w, https:\/\/baabor.com\/wp-content\/uploads\/2024\/02\/medidas-subsolador-serieSF-1.png 1611w\" data-sizes=\"(max-width: 1024px) 100vw, 1024px\" src=\"data:image\/svg+xml;base64,PHN2ZyB3aWR0aD0iMSIgaGVpZ2h0PSIxIiB4bWxucz0iaHR0cDovL3d3dy53My5vcmcvMjAwMC9zdmciPjwvc3ZnPg==\" style=\"--smush-placeholder-width: 1024px; --smush-placeholder-aspect-ratio: 1024\/697;\" \/><button\n\t\t\tclass=\"lightbox-trigger\"\n\t\t\ttype=\"button\"\n\t\t\taria-haspopup=\"dialog\"\n\t\t\taria-label=\"Agrandar\"\n\t\t\tdata-wp-init=\"callbacks.initTriggerButton\"\n\t\t\tdata-wp-on--click=\"actions.showLightbox\"\n\t\t\tdata-wp-style--right=\"state.imageButtonRight\"\n\t\t\tdata-wp-style--top=\"state.imageButtonTop\"\n\t\t>\n\t\t\t<svg xmlns=\"http:\/\/www.w3.org\/2000\/svg\" width=\"12\" height=\"12\" fill=\"none\" viewBox=\"0 0 12 12\">\n\t\t\t\t<path fill=\"#fff\" d=\"M2 0a2 2 0 0 0-2 2v2h1.5V2a.5.5 0 0 1 .5-.5h2V0H2Zm2 10.5H2a.5.5 0 0 1-.5-.5V8H0v2a2 2 0 0 0 2 2h2v-1.5ZM8 12v-1.5h2a.5.5 0 0 0 .5-.5V8H12v2a2 2 0 0 1-2 2H8Zm2-12a2 2 0 0 1 2 2v2h-1.5V2a.5.5 0 0 0-.5-.5H8V0h2Z\" \/>\n\t\t\t<\/svg>\n\t\t<\/button><\/figure>\n<\/div>\n\n\n\n<div class=\"wp-block-column is-layout-flow wp-block-column-is-layout-flow\" style=\"flex-basis:66.66%\">\n<figure data-wp-context=\"{&quot;imageId&quot;:&quot;69e0786d85693&quot;}\" data-wp-interactive=\"core\/image\" data-wp-key=\"69e0786d85693\" class=\"wp-block-image size-large wp-lightbox-container\"><img decoding=\"async\" width=\"1024\" height=\"451\" data-wp-class--hide=\"state.isContentHidden\" data-wp-class--show=\"state.isContentVisible\" data-wp-init=\"callbacks.setButtonStyles\" data-wp-on--click=\"actions.showLightbox\" data-wp-on--load=\"callbacks.setButtonStyles\" data-wp-on-window--resize=\"callbacks.setButtonStyles\" data-src=\"https:\/\/baabor.com\/wp-content\/uploads\/2024\/02\/medidas-subsolador-serieSF-frente-1-1024x451.png\" alt=\"\" class=\"wp-image-344 lazyload\" data-srcset=\"https:\/\/baabor.com\/wp-content\/uploads\/2024\/02\/medidas-subsolador-serieSF-frente-1-1024x451.png 1024w, https:\/\/baabor.com\/wp-content\/uploads\/2024\/02\/medidas-subsolador-serieSF-frente-1-300x132.png 300w, https:\/\/baabor.com\/wp-content\/uploads\/2024\/02\/medidas-subsolador-serieSF-frente-1-768x338.png 768w, https:\/\/baabor.com\/wp-content\/uploads\/2024\/02\/medidas-subsolador-serieSF-frente-1-1536x676.png 1536w, https:\/\/baabor.com\/wp-content\/uploads\/2024\/02\/medidas-subsolador-serieSF-frente-1-2048x901.png 2048w\" data-sizes=\"(max-width: 1024px) 100vw, 1024px\" src=\"data:image\/svg+xml;base64,PHN2ZyB3aWR0aD0iMSIgaGVpZ2h0PSIxIiB4bWxucz0iaHR0cDovL3d3dy53My5vcmcvMjAwMC9zdmciPjwvc3ZnPg==\" style=\"--smush-placeholder-width: 1024px; --smush-placeholder-aspect-ratio: 1024\/451;\" \/><button\n\t\t\tclass=\"lightbox-trigger\"\n\t\t\ttype=\"button\"\n\t\t\taria-haspopup=\"dialog\"\n\t\t\taria-label=\"Agrandar\"\n\t\t\tdata-wp-init=\"callbacks.initTriggerButton\"\n\t\t\tdata-wp-on--click=\"actions.showLightbox\"\n\t\t\tdata-wp-style--right=\"state.imageButtonRight\"\n\t\t\tdata-wp-style--top=\"state.imageButtonTop\"\n\t\t>\n\t\t\t<svg xmlns=\"http:\/\/www.w3.org\/2000\/svg\" width=\"12\" height=\"12\" fill=\"none\" viewBox=\"0 0 12 12\">\n\t\t\t\t<path fill=\"#fff\" d=\"M2 0a2 2 0 0 0-2 2v2h1.5V2a.5.5 0 0 1 .5-.5h2V0H2Zm2 10.5H2a.5.5 0 0 1-.5-.5V8H0v2a2 2 0 0 0 2 2h2v-1.5ZM8 12v-1.5h2a.5.5 0 0 0 .5-.5V8H12v2a2 2 0 0 1-2 2H8Zm2-12a2 2 0 0 1 2 2v2h-1.5V2a.5.5 0 0 0-.5-.5H8V0h2Z\" \/>\n\t\t\t<\/svg>\n\t\t<\/button><\/figure>\n<\/div>\n<\/div>\n<\/div>\n","protected":false},"excerpt":{"rendered":"<p>Subsolador plegable (Foldable) con cilindros La serie SF se refiere a los modelos de subsolador plegables. Funcionan igual que la serie S, con rejones retr\u00e1ctiles ante un sobreesfuerzo. El rej\u00f3n se precarga con una fuerza m\u00e1xima de penetraci\u00f3n mediante un cilindro hidr\u00e1ulico de disparo conectado a un acumulador hidr\u00e1ulico. Ante un sobreesfuerzo, el cilindro se [&hellip;]<\/p>\n","protected":false},"author":1,"featured_media":0,"parent":0,"menu_order":0,"comment_status":"closed","ping_status":"closed","template":"","meta":{"site-sidebar-layout":"default","site-content-layout":"","ast-site-content-layout":"default","site-content-style":"default","site-sidebar-style":"default","ast-global-header-display":"","ast-banner-title-visibility":"","ast-main-header-display":"","ast-hfb-above-header-display":"","ast-hfb-below-header-display":"","ast-hfb-mobile-header-display":"","site-post-title":"","ast-breadcrumbs-content":"","ast-featured-img":"","footer-sml-layout":"","theme-transparent-header-meta":"","adv-header-id-meta":"","stick-header-meta":"","header-above-stick-meta":"","header-main-stick-meta":"","header-below-stick-meta":"","astra-migrate-meta-layouts":"default","ast-page-background-enabled":"default","ast-page-background-meta":{"desktop":{"background-color":"var(--ast-global-color-4)","background-image":"","background-repeat":"repeat","background-position":"center center","background-size":"auto","background-attachment":"scroll","background-type":"","background-media":"","overlay-type":"","overlay-color":"","overlay-opacity":"","overlay-gradient":""},"tablet":{"background-color":"","background-image":"","background-repeat":"repeat","background-position":"center center","background-size":"auto","background-attachment":"scroll","background-type":"","background-media":"","overlay-type":"","overlay-color":"","overlay-opacity":"","overlay-gradient":""},"mobile":{"background-color":"","background-image":"","background-repeat":"repeat","background-position":"center center","background-size":"auto","background-attachment":"scroll","background-type":"","background-media":"","overlay-type":"","overlay-color":"","overlay-opacity":"","overlay-gradient":""}},"ast-content-background-meta":{"desktop":{"background-color":"var(--ast-global-color-5)","background-image":"","background-repeat":"repeat","background-position":"center center","background-size":"auto","background-attachment":"scroll","background-type":"","background-media":"","overlay-type":"","overlay-color":"","overlay-opacity":"","overlay-gradient":""},"tablet":{"background-color":"var(--ast-global-color-5)","background-image":"","background-repeat":"repeat","background-position":"center center","background-size":"auto","background-attachment":"scroll","background-type":"","background-media":"","overlay-type":"","overlay-color":"","overlay-opacity":"","overlay-gradient":""},"mobile":{"background-color":"var(--ast-global-color-5)","background-image":"","background-repeat":"repeat","background-position":"center center","background-size":"auto","background-attachment":"scroll","background-type":"","background-media":"","overlay-type":"","overlay-color":"","overlay-opacity":"","overlay-gradient":""}},"footnotes":""},"class_list":["post-279","page","type-page","status-publish","hentry"],"aioseo_notices":[],"_links":{"self":[{"href":"https:\/\/baabor.com\/index.php?rest_route=\/wp\/v2\/pages\/279","targetHints":{"allow":["GET"]}}],"collection":[{"href":"https:\/\/baabor.com\/index.php?rest_route=\/wp\/v2\/pages"}],"about":[{"href":"https:\/\/baabor.com\/index.php?rest_route=\/wp\/v2\/types\/page"}],"author":[{"embeddable":true,"href":"https:\/\/baabor.com\/index.php?rest_route=\/wp\/v2\/users\/1"}],"replies":[{"embeddable":true,"href":"https:\/\/baabor.com\/index.php?rest_route=%2Fwp%2Fv2%2Fcomments&post=279"}],"version-history":[{"count":2,"href":"https:\/\/baabor.com\/index.php?rest_route=\/wp\/v2\/pages\/279\/revisions"}],"predecessor-version":[{"id":621,"href":"https:\/\/baabor.com\/index.php?rest_route=\/wp\/v2\/pages\/279\/revisions\/621"}],"wp:attachment":[{"href":"https:\/\/baabor.com\/index.php?rest_route=%2Fwp%2Fv2%2Fmedia&parent=279"}],"curies":[{"name":"wp","href":"https:\/\/api.w.org\/{rel}","templated":true}]}}